{"id":36122,"date":"2019-04-03T10:37:50","date_gmt":"2019-04-03T10:37:50","guid":{"rendered":"http:\/\/www.allview.ch\/cms\/?page_id=36122"},"modified":"2024-10-21T15:41:28","modified_gmt":"2024-10-21T14:41:28","slug":"ecodms-dokumentmanagment-2","status":"publish","type":"page","link":"https:\/\/www.allview.ch\/cms\/?page_id=36122","title":{"rendered":"ecoDMS"},"content":{"rendered":"<div class=\"wpb-content-wrapper\"><p>[vc_row][vc_column][vc_text_separator title=&#8220;Das Revolution\u00e4re DMS &#8211; Wir automatisieren Ihre Dokumentenprozesse&#8220; i_icon_fontawesome=&#8220;fa fa-info-circle&#8220; i_color=&#8220;custom&#8220; border_width=&#8220;2&#8243; add_icon=&#8220;true&#8220; i_custom_color=&#8220;#0099f2&#8243;][vc_row_inner][vc_column_inner width=&#8220;2\/3&#8243;][vc_column_text css_animation=&#8220;none&#8220;]<\/p>\n<div class=\"page-header\">\n<h1>ecoDMS<\/h1>\n<p>Version 18.09 (apu)<\/p>\n<h1><\/h1>\n<h2>Sicherheit und Ordnung f\u00fcr Ihre Dokumente<\/h2>\n<p>DMS steht f\u00fcr Dokument Management System &#8211; Dokumente lassen sich scannen, archivieren, verwalten und wiederfinden. Zugleich liegen die Dokumente sicher gespeichert auf einem Server bzw. NAS oder zus\u00e4tzlich gesichert mit einem Backup z.B. in der Cloud. So wird ein Verlust durch Einbruchdiebstahl, Feuer oder Ransomware vermieden.<\/p>\n<p>Mit diesem modernen Archivsystem k\u00f6nnen Sie jegliche Dokumente und Informationen am PC, Smartphone und Tablet scannen, archivieren, verwalten und wiederfinden.<\/p>\n<\/div>\n<div>\n<p>Dieses Archivsystem macht die Archivierung und Verwaltung Ihrer Dokumente komfortabel und einfach. Alle Unterlagen k\u00f6nnen mit wenigen Mausklicks archiviert, automatisch volltextindiziert und bei Bedarf ohne Ihr weiteres Zutun klassifiziert werden.<\/p>\n<p>Mittels intelligenter und anpassbarer Vorlagenerkennung ermittelt ecoDMS die Dokumentenzugeh\u00f6rigkeit und legt die Dateien an der richtigen Stelle und f\u00fcr die zust\u00e4ndigen Anwender ab.<\/p>\n<p>Der Zugriff auf das Archiv ist plattform- und standortunabh\u00e4ngig via Desktop- und Webclient m\u00f6glich. Die eingebaute Texterkennung und zahlreiche Suchfunktionen machen die Dokumentensuche so einfach wie googeln. Das gesamte System ist schnell installiert und einfach zu bedienen.<\/p>\n<p>ecoDMS speichert alle Daten sicher in Containern und einer Datenbank. Es werden keine Informationen auf fremden Servern, bei der ecoDMS GmbH oder &#8222;einfach manipulierbar&#8220; auf dem Dateisystem gespeichert. Das gesamte System befindet sich in Ihrem Installationsort.<\/p>\n<p>Die Software arbeitet gesetzes- und revisionskonform und beinhaltet ein professionelles Backup-System.<\/p>\n<div class=\"hr-thin\"><\/div>\n<h2>Das bietet Ihnen ecoDMS<\/h2>\n<ul>\n<li>Plattformunabh\u00e4ngiges Client-Server-System\n<ul>\n<li>Server-Komponente mit einem modernen Container-Speichersystem und postgreSQL-Datenbank<\/li>\n<li>Vollumf\u00e4nglicher Desktop-Client f\u00fcr den Computer<\/li>\n<li>Moderner Webclient f\u00fcr PC, Handy und Tablet<\/li>\n<\/ul>\n<\/li>\n<li>Unendliches Speichervolumen (den Speicherplatz gibt Ihre technische Systemumgebung vor)<\/li>\n<li>Beliebige Dateiformate archivieren\n<ul>\n<li>z.B. PDF, Office-Dateien, E-Mails, Bilder, Musik, Vertr\u00e4ge, Rechnungen, Kontoausz\u00fcge, Lieferscheine uvm.<\/li>\n<\/ul>\n<\/li>\n<li>Automatische Texterkennung mittels Volltextindizierung durch die OCR \u201eTesseract\u201c<\/li>\n<li>Viele intelligente Suchfunktionen und Filterm\u00f6glichkeiten\n<ul>\n<li>z.B. Volltextsuche, Attributsuche, Filtervorlagen uvm.<\/li>\n<\/ul>\n<\/li>\n<li>Automatische Archivierung und Klassifizierung mittels Klassifizierungsvorlagen, erstellt mit dem integrierten Vorlagen Designer<\/li>\n<li>Papierdokumente scannen und archivieren<\/li>\n<li>Flotte Archivierung via Drag &amp; Drop und Sidepanel<\/li>\n<li>PDF Editor mit Stempelfunktion<\/li>\n<li>Gesetzeskonformes L\u00f6schkonzept gem\u00e4ss GoBD &amp; DSGVO<\/li>\n<li>Einfache E-Mailarchivierung aus Thunderbird &amp; Outlook per Mausklick<\/li>\n<li>Plugins f\u00fcr OpenOffice, LibreOffice, Microsoft Office<\/li>\n<li>Benutzer- und Gruppenverwaltung<\/li>\n<li>Verbindung mit LDAP und Active Directory<\/li>\n<li>Clipboard zur Erstellung benutzerdefinierter \u201eDokumentenmappen\u201c<\/li>\n<li>Versionsverwaltung<\/li>\n<li>Revisionskonforme Dokumentenhistorie<\/li>\n<li>Komfortable Funktion f\u00fcr Backup &amp; Restore<\/li>\n<li>Zeitlich unbeschr\u00e4nkte Lizenz mit Lebenslanger-Lizenzpreis-Garantie<\/li>\n<li>Frei skalier- und konfigurierbar f\u00fcr beliebige Benutzerkreise und Gr\u00f6ssen<\/li>\n<\/ul>\n<div class=\"hr-thin\"><\/div>\n<p><strong>Dies ist nun ein kleiner Auszug der vielen M\u00f6glichkeiten mit ecoDMS. \u00dcberzeugen Sie sich selbst von den Vorz\u00fcgen dieses Dokumenten-Management-Systems und testen Sie die Software kostenlos.<\/strong><\/p>\n<p>Es gelten die Systemvoraussetzungen und das Lizenzmodell der ecoDMS GmbH. Die Software kann kostenlos unter <a href=\"https:\/\/www.ecodms.de\" target=\"_blank\" rel=\"noopener noreferrer\">www.ecodms.de<\/a> herunterladen und 30 Tage lang getestet werden. F\u00fcr Privatleute ist das Archiv nach der Demophase als abgespeckte Free4Three-Version weiterhin kostenlos nutzbar. Wer ecoDMS nach der Demophase gewerblich und\/oder mit vollem Funktionsumfang weiter verwenden m\u00f6chte, ben\u00f6tigt eine Lizenz der Vollversion. Diese und weitere Informationen gibt bei uns unter 041 241 10 20 oder info@allview.ch<\/p>\n<p>&nbsp;<\/p>\n<\/div>\n<p>[\/vc_column_text][\/vc_column_inner][vc_column_inner width=&#8220;1\/3&#8243;][vc_single_image image=&#8220;36175&#8243; alignment=&#8220;center&#8220;][\/vc_column_inner][\/vc_row_inner][\/vc_column][\/vc_row][vc_row][vc_column][vc_text_separator title=&#8220;ecoDMS Screenshots&#8220; i_icon_fontawesome=&#8220;fa fa-info-circle&#8220; i_color=&#8220;custom&#8220; border_width=&#8220;2&#8243; add_icon=&#8220;true&#8220; i_custom_color=&#8220;#0099f2&#8243;][vc_tta_tabs][vc_tta_section title=&#8220;Client&#8220; tab_id=&#8220;1554988864833-5b5e0364-88c4&#8243;][vc_masonry_media_grid element_width=&#8220;2&#8243; item=&#8220;mediaGrid_ScaleInWithIcon&#8220; grid_id=&#8220;vc_gid:1554994606619-8325294ac0ae2a7c58475d747482b3b5-2&#8243; include=&#8220;36268,36267,36266,36265,36269,36270,36272,36273,36271&#8243;][\/vc_tta_section][vc_tta_section title=&#8220;Webclient&#8220; tab_id=&#8220;1554988864833-c8aa7778-f484&#8243;][vc_masonry_media_grid element_width=&#8220;2&#8243; gap=&#8220;3&#8243; item=&#8220;mediaGrid_ScaleInWithIcon&#8220; grid_id=&#8220;vc_gid:1554994606645-00576d22a6912324fa72ec4672293388-6&#8243; include=&#8220;36249,36246,36251,36248,36247,36245,36250&#8243;][\/vc_tta_section][vc_tta_section title=&#8220;Vorlagendesigner&#8220; tab_id=&#8220;1554991915690-a1f0d736-d007&#8243;][vc_masonry_media_grid element_width=&#8220;2&#8243; item=&#8220;mediaGrid_ScaleInWithIcon&#8220; grid_id=&#8220;vc_gid:1554994606671-c9fedb219aabbbc805bee6f1d885b05b-8&#8243; include=&#8220;36244,36243,36242,36241,36240,36239,36238&#8243;][\/vc_tta_section][vc_tta_section title=&#8220;Einstellungen&#8220; tab_id=&#8220;1554991925598-585b01ee-475c&#8220;][vc_masonry_media_grid element_width=&#8220;2&#8243; item=&#8220;mediaGrid_ScaleInWithIcon&#8220; grid_id=&#8220;vc_gid:1554994606698-4bad04136ea3b5dcbd86a692d5dc89f0-6&#8243; include=&#8220;36200,36199,36198,36197,36196,36195,36194,36193,36192,36191,36190,36189,36188,36187&#8243;][\/vc_tta_section][\/vc_tta_tabs][vc_separator][\/vc_column][\/vc_row][vc_row][vc_column][vc_single_image image=&#8220;36179&#8243; img_size=&#8220;medium&#8220; alignment=&#8220;right&#8220;][vc_column_text]<\/p>\n<p style=\"text-align: right;\">allview gmbh ist offizieller Reseller von ecoDMS.<\/p>\n<p>[\/vc_column_text][\/vc_column][\/vc_row]<\/p>\n<\/div>","protected":false},"excerpt":{"rendered":"<p>[vc_row][vc_column][vc_text_separator title=&#8220;Das Revolution\u00e4re DMS &#8211; Wir automatisieren Ihre Dokumentenprozesse&#8220; i_icon_fontawesome=&#8220;fa fa-info-circle&#8220; i_color=&#8220;custom&#8220; border_width=&#8220;2&#8243; add_icon=&#8220;true&#8220; i_custom_color=&#8220;#0099f2&#8243;][vc_row_inner][vc_column_inner width=&#8220;2\/3&#8243;][vc_column_text css_animation=&#8220;none&#8220;] ecoDMS Version 18.09 (apu) Sicherheit und Ordnung f\u00fcr Ihre Dokumente DMS steht f\u00fcr Dokument Management System &#8211; Dokumente lassen sich scannen, archivieren, verwalten und wiederfinden. Zugleich liegen die Dokumente sicher gespeichert auf einem Server bzw. NAS oder zus\u00e4tzlich&hellip;<\/p>\n","protected":false},"author":3,"featured_media":0,"parent":0,"menu_order":0,"comment_status":"closed","ping_status":"closed","template":"","meta":{"footnotes":""},"class_list":["post-36122","page","type-page","status-publish","hentry","description-off"],"_links":{"self":[{"href":"https:\/\/www.allview.ch\/cms\/index.php?rest_route=\/wp\/v2\/pages\/36122","targetHints":{"allow":["GET"]}}],"collection":[{"href":"https:\/\/www.allview.ch\/cms\/index.php?rest_route=\/wp\/v2\/pages"}],"about":[{"href":"https:\/\/www.allview.ch\/cms\/index.php?rest_route=\/wp\/v2\/types\/page"}],"author":[{"embeddable":true,"href":"https:\/\/www.allview.ch\/cms\/index.php?rest_route=\/wp\/v2\/users\/3"}],"replies":[{"embeddable":true,"href":"https:\/\/www.allview.ch\/cms\/index.php?rest_route=%2Fwp%2Fv2%2Fcomments&post=36122"}],"version-history":[{"count":17,"href":"https:\/\/www.allview.ch\/cms\/index.php?rest_route=\/wp\/v2\/pages\/36122\/revisions"}],"predecessor-version":[{"id":38101,"href":"https:\/\/www.allview.ch\/cms\/index.php?rest_route=\/wp\/v2\/pages\/36122\/revisions\/38101"}],"wp:attachment":[{"href":"https:\/\/www.allview.ch\/cms\/index.php?rest_route=%2Fwp%2Fv2%2Fmedia&parent=36122"}],"curies":[{"name":"wp","href":"https:\/\/api.w.org\/{rel}","templated":true}]}}