{"id":36292,"date":"2019-04-12T06:13:10","date_gmt":"2019-04-12T06:13:10","guid":{"rendered":"http:\/\/www.allview.ch\/cms\/?page_id=36292"},"modified":"2024-10-21T15:40:45","modified_gmt":"2024-10-21T14:40:45","slug":"ecodms-dokumentmanagment-2-2","status":"publish","type":"page","link":"https:\/\/www.allview.ch\/cms\/?page_id=36292","title":{"rendered":"Acronis Backup"},"content":{"rendered":"<div class=\"wpb-content-wrapper\"><p>[vc_row][vc_column][vc_text_separator title=&#8220;Das Revolution\u00e4re DMS &#8211; Wir automatisieren Ihre Dokumentenprozesse&#8220; i_icon_fontawesome=&#8220;fas fa-info-circle&#8220; i_color=&#8220;custom&#8220; border_width=&#8220;2&#8243; css=&#8220;&#8220; add_icon=&#8220;true&#8220; i_custom_color=&#8220;#00214e&#8220;][vc_row_inner][vc_column_inner width=&#8220;2\/3&#8243;][vc_column_text css_animation=&#8220;none&#8220;]<\/p>\n<div class=\"page-header\">\n<h1>Acronis Backup<\/h1>\n<h2>Die Backup L\u00f6sung f\u00fcr Unternehmen aller Gr\u00f6ssen &#8211; zuverl\u00e4ssig und anwenderfreundlich<\/h2>\n<p>Das wichtigste Thema Ihres Unternehmens ist das t\u00e4glich wachsendes Datenvolumen, welches f\u00fcr die Aufrechterhaltung des Betriebs unerl\u00e4sslich ist. Es enth\u00e4lt Ihr geistiges Eigentum wie z.B. Fotos, Kundendaten, Ihre Arbeiten und vieles mehr. F\u00fcr Sie besteht die Herausforderung darin, diese Daten zu sch\u00fctzen und wiederherstellbar zu halten, falls sie unbeabsichtigt gel\u00f6scht oder zerst\u00f6rt werden. M\u00f6glicherweise m\u00fcssen Sie auch gesetzliche Vorschriften einhalten, denen zufolge Ihre Daten innerhalb eines bestimmten Zeitraums wiederhergestellt werden m\u00fcssen. Data Protection im engeren Sinne heisst Datensicherung, also Dateien, Ordner oder Volumes auf ein Storage-System zu kopieren, damit sie wiederhergestellt werden k\u00f6nnen, falls die urspr\u00fcnglichen Daten gel\u00f6scht, besch\u00e4digt oder zerst\u00f6rt werden. Sie kennen diesen Vorgang vielleicht unter dem Begriff \u201eBackup\u201c.<\/p>\n<p>Die Acronis Data Protection-L\u00f6sungen sch\u00fctzt Ihr Unternehmen, damit Sie keinen Schaden durch Systemst\u00f6rungen erleiden. Egal, wie viele wertvolle Daten Sie generieren, wie perfekt das von Ihnen entwickelte Produkt ist \u2013 wenn es nicht korrekt gesch\u00fctzt wird, ist Ihr Unternehmen in Gefahr. Mit nur einem einzigen<br \/>\neinem Datenverlust auf dem Produktionsserver k\u00f6nnen Sie eine Menge verlieren.<br \/>\nAcrnis Backup ist eine weit verbreitete Backupl\u00f6sung und wird in mehr als 300.000 Unternehmen eingesetzt. Damit Data Protection funktioniert, muss sie leistungsstark, wirtschaftlich, gr\u00fcndlich und benutzerfreundlich sein. Sie muss sich auf moderne IT-Infrastrukturen einstellen, seien diese virtuell oder physisch, in der Cloud oder lokal.<\/p>\n<\/div>\n<p>[\/vc_column_text][\/vc_column_inner][vc_column_inner width=&#8220;1\/3&#8243;][vc_single_image image=&#8220;36299&#8243; img_size=&#8220;medium&#8220; alignment=&#8220;center&#8220;][\/vc_column_inner][\/vc_row_inner][\/vc_column][\/vc_row][vc_row][vc_column][\/vc_column][\/vc_row][vc_row][vc_column width=&#8220;1\/3&#8243;][\/vc_column][vc_column width=&#8220;1\/3&#8243;][\/vc_column][vc_column width=&#8220;1\/3&#8243;][vc_single_image image=&#8220;36179&#8243; img_size=&#8220;medium&#8220; alignment=&#8220;right&#8220;][vc_column_text]<\/p>\n<p style=\"text-align: right;\">allview gmbh ist offizieller Reseller von ecoDMS.<\/p>\n<p>[\/vc_column_text][\/vc_column][\/vc_row]<\/p>\n<\/div>","protected":false},"excerpt":{"rendered":"<p>[vc_row][vc_column][vc_text_separator title=&#8220;Das Revolution\u00e4re DMS &#8211; Wir automatisieren Ihre Dokumentenprozesse&#8220; i_icon_fontawesome=&#8220;fas fa-info-circle&#8220; i_color=&#8220;custom&#8220; border_width=&#8220;2&#8243; css=&#8220;&#8220; add_icon=&#8220;true&#8220; i_custom_color=&#8220;#00214e&#8220;][vc_row_inner][vc_column_inner width=&#8220;2\/3&#8243;][vc_column_text css_animation=&#8220;none&#8220;] Acronis Backup Die Backup L\u00f6sung f\u00fcr Unternehmen aller Gr\u00f6ssen &#8211; zuverl\u00e4ssig und anwenderfreundlich Das wichtigste Thema Ihres Unternehmens ist das t\u00e4glich wachsendes Datenvolumen, welches f\u00fcr die Aufrechterhaltung des Betriebs unerl\u00e4sslich ist. Es enth\u00e4lt Ihr geistiges Eigentum wie&hellip;<\/p>\n","protected":false},"author":3,"featured_media":0,"parent":0,"menu_order":0,"comment_status":"closed","ping_status":"closed","template":"","meta":{"footnotes":""},"class_list":["post-36292","page","type-page","status-publish","hentry","description-off"],"_links":{"self":[{"href":"https:\/\/www.allview.ch\/cms\/index.php?rest_route=\/wp\/v2\/pages\/36292","targetHints":{"allow":["GET"]}}],"collection":[{"href":"https:\/\/www.allview.ch\/cms\/index.php?rest_route=\/wp\/v2\/pages"}],"about":[{"href":"https:\/\/www.allview.ch\/cms\/index.php?rest_route=\/wp\/v2\/types\/page"}],"author":[{"embeddable":true,"href":"https:\/\/www.allview.ch\/cms\/index.php?rest_route=\/wp\/v2\/users\/3"}],"replies":[{"embeddable":true,"href":"https:\/\/www.allview.ch\/cms\/index.php?rest_route=%2Fwp%2Fv2%2Fcomments&post=36292"}],"version-history":[{"count":7,"href":"https:\/\/www.allview.ch\/cms\/index.php?rest_route=\/wp\/v2\/pages\/36292\/revisions"}],"predecessor-version":[{"id":38170,"href":"https:\/\/www.allview.ch\/cms\/index.php?rest_route=\/wp\/v2\/pages\/36292\/revisions\/38170"}],"wp:attachment":[{"href":"https:\/\/www.allview.ch\/cms\/index.php?rest_route=%2Fwp%2Fv2%2Fmedia&parent=36292"}],"curies":[{"name":"wp","href":"https:\/\/api.w.org\/{rel}","templated":true}]}}